{"id":966,"date":"2025-06-07T05:22:54","date_gmt":"2025-06-07T05:22:54","guid":{"rendered":"https:\/\/stagroup.hu\/adatkezelesi-tajekoztato\/"},"modified":"2025-06-07T05:55:01","modified_gmt":"2025-06-07T05:55:01","slug":"privacy-policy","status":"publish","type":"page","link":"https:\/\/stagroup.hu\/en\/privacy-policy\/","title":{"rendered":"Privacy Policy"},"content":{"rendered":"\t\t<div data-elementor-type=\"wp-page\" data-elementor-id=\"966\" class=\"elementor elementor-966 elementor-953\" data-elementor-post-type=\"page\">\n\t\t\t\t<div class=\"elementor-element elementor-element-f3e32e4 e-flex e-con-boxed e-con e-parent\" data-id=\"f3e32e4\" data-element_type=\"container\" data-e-type=\"container\">\n\t\t\t\t\t<div class=\"e-con-inner\">\n\t\t\t\t<div class=\"elementor-element elementor-element-bc4d709 elementor-widget elementor-widget-heading\" data-id=\"bc4d709\" data-element_type=\"widget\" data-e-type=\"widget\" data-widget_type=\"heading.default\">\n\t\t\t\t<div class=\"elementor-widget-container\">\n\t\t\t\t\t<h1 class=\"elementor-heading-title elementor-size-default\">Privacy Policy<\/h1>\t\t\t\t<\/div>\n\t\t\t\t<\/div>\n\t\t\t\t<div class=\"elementor-element elementor-element-3e91572 elementor-widget elementor-widget-text-editor\" data-id=\"3e91572\" data-element_type=\"widget\" data-e-type=\"widget\" data-widget_type=\"text-editor.default\">\n\t\t\t\t<div class=\"elementor-widget-container\">\n\t\t\t\t\t\t\t\t\t<p>Effective: June 7, 2025<\/p><p>STA-SZERV\u00cdZ Kft. (registered office: 4064 Nagyhegyes, Bart\u00f3k B\u00e9la utca 35; company registration number: 09 09 027009; tax number: 25298141-2-09; hereinafter: Data Controller) pays particular attention to ensuring that the processing of personal data provided by visitors to its website and generated during the use of the website complies with applicable legal requirements, in particular Regulation (EU) 2016\/679 of the European Parliament and of the Council (hereinafter: GDPR) and Act CXII of 2011 (Hungarian Privacy Act).<\/p><p>This Privacy Policy explains how we handle your personal data on our website.<\/p><p>1. Data Controller Information<br \/>Company name: STA-SZERV\u00cdZ Kft.<br \/>Registered office: 4064 Nagyhegyes, Bart\u00f3k B\u00e9la utca 35<br \/>Company registration number: 09 09 027009<br \/>Tax number: 25298141-2-09<br \/>Email: info@staszerviz.hu<\/p><p>2. Personal Data Collected on the Website<\/p><p>a) Use of Contact Form<br \/>When you fill out the contact form on our website, you may provide the following data:<\/p><p>Full name (required)<\/p><p>Email address (required)<\/p><p>Company name<\/p><p>Mobile number<\/p><p>Message (text field, required)<\/p><p>Purpose of processing: responding to your inquiry, maintaining contact, providing quotations.<br \/>Legal basis: your consent (Article 6(1)(a) GDPR).<br \/>Retention period: up to 1 year after the conclusion of the given matter.<\/p><p>b) Cookie Management<br \/>Our website uses the CookieBot solution, which allows you to choose which types of cookies you wish to enable.<\/p><p>Necessary cookies:<br \/>Essential for the basic operation of the website and do not require separate consent.<\/p><p>Statistical \/ Analytical cookies:<br \/>Cookies used by Google Analytics that help analyze website traffic.<\/p><p>Purpose of processing: analyzing website usage, service improvement.<br \/>Legal basis: your consent (Article 6(1)(a) GDPR).<br \/>Google Analytics provider: Google Ireland Limited (Gordon House, Barrow Street, Dublin 4, Ireland).<br \/>Retention period: as defined in the cookie, up to a maximum of 2 years.<\/p><p>3. Access to Data, Data Transfers<br \/>Your personal data will only be transferred to third parties in cases of legal obligation or if you have provided prior consent.<\/p><p>Technical service providers involved in operating the website (hosting provider, web developer) act on behalf of the Data Controller.<\/p><p>4. Data Subject Rights<br \/>You may exercise the following rights in relation to the processing of your personal data:<\/p><p>Right of access (information on whether we process your data)<\/p><p>Right to rectification<\/p><p>Right to erasure (&#8220;right to be forgotten&#8221;)<\/p><p>Right to restriction of processing<\/p><p>Right to data portability (on request, we provide your data in a machine-readable format)<\/p><p>Right to object (if the processing is based on legitimate interest)<\/p><p>You may exercise your rights by contacting the Data Controller using the contact details provided above.<\/p><p>5. Remedies<br \/>If you believe that your data has not been processed in accordance with the law, you may lodge a complaint with the Hungarian National Authority for Data Protection and Freedom of Information:<\/p><p>Name: Hungarian National Authority for Data Protection and Freedom of Information (NAIH)<br \/>Registered office: 1055 Budapest, Falk Miksa utca 9-11.<br \/>Mailing address: 1363 Budapest, Pf. 9.<br \/>Phone: +36 (1) 391-1400<br \/>Email: ugyfelszolgalat@naih.hu<br \/>Website: https:\/\/www.naih.hu<\/p><p>You may also pursue legal action before a court.<\/p><p>6. Other Information<br \/>The Data Controller reserves the right to modify this Privacy Policy. The amended policy becomes effective upon its publication on the website.<\/p>\t\t\t\t\t\t\t\t<\/div>\n\t\t\t\t<\/div>\n\t\t\t\t\t<\/div>\n\t\t\t\t<\/div>\n\t\t\t\t<\/div>\n\t\t","protected":false},"excerpt":{"rendered":"<p>Privacy Policy Effective: June 7, 2025 STA-SZERV\u00cdZ Kft. (registered office: 4064 Nagyhegyes, Bart\u00f3k B\u00e9la utca 35; company registration number: 09 09 027009; tax number: 25298141-2-09; hereinafter: Data Controller) pays particular attention to ensuring that the processing of personal data provided by visitors to its website and generated during the use of the website complies with [&hellip;]<\/p>\n","protected":false},"author":3,"featured_media":0,"parent":0,"menu_order":0,"comment_status":"closed","ping_status":"closed","template":"","meta":{"footnotes":""},"class_list":["post-966","page","type-page","status-publish","hentry"],"yoast_head":"<!-- This site is optimized with the Yoast SEO plugin v27.5 - https:\/\/yoast.com\/product\/yoast-seo-wordpress\/ -->\n<title>Privacy Policy - STA GROUP<\/title>\n<meta name=\"robots\" content=\"index, follow, max-snippet:-1, max-image-preview:large, max-video-preview:-1\" \/>\n<link rel=\"canonical\" href=\"https:\/\/stagroup.hu\/en\/privacy-policy\/\" \/>\n<meta property=\"og:locale\" content=\"en_US\" \/>\n<meta property=\"og:type\" content=\"article\" \/>\n<meta property=\"og:title\" content=\"Privacy Policy - STA GROUP\" \/>\n<meta property=\"og:description\" content=\"Privacy Policy Effective: June 7, 2025 STA-SZERV\u00cdZ Kft. (registered office: 4064 Nagyhegyes, Bart\u00f3k B\u00e9la utca 35; company registration number: 09 09 027009; tax number: 25298141-2-09; hereinafter: Data Controller) pays particular attention to ensuring that the processing of personal data provided by visitors to its website and generated during the use of the website complies with [&hellip;]\" \/>\n<meta property=\"og:url\" content=\"https:\/\/stagroup.hu\/en\/privacy-policy\/\" \/>\n<meta property=\"og:site_name\" content=\"STA GROUP\" \/>\n<meta property=\"article:publisher\" content=\"https:\/\/www.facebook.com\/stavarroda\" \/>\n<meta property=\"article:modified_time\" content=\"2025-06-07T05:55:01+00:00\" \/>\n<meta name=\"twitter:card\" content=\"summary_large_image\" \/>\n<meta name=\"twitter:label1\" content=\"Est. reading time\" \/>\n\t<meta name=\"twitter:data1\" content=\"3 minutes\" \/>\n<script type=\"application\/ld+json\" class=\"yoast-schema-graph\">{\"@context\":\"https:\\\/\\\/schema.org\",\"@graph\":[{\"@type\":\"WebPage\",\"@id\":\"https:\\\/\\\/stagroup.hu\\\/en\\\/privacy-policy\\\/\",\"url\":\"https:\\\/\\\/stagroup.hu\\\/en\\\/privacy-policy\\\/\",\"name\":\"Privacy Policy - STA GROUP\",\"isPartOf\":{\"@id\":\"https:\\\/\\\/stagroup.hu\\\/#website\"},\"datePublished\":\"2025-06-07T05:22:54+00:00\",\"dateModified\":\"2025-06-07T05:55:01+00:00\",\"breadcrumb\":{\"@id\":\"https:\\\/\\\/stagroup.hu\\\/en\\\/privacy-policy\\\/#breadcrumb\"},\"inLanguage\":\"en-US\",\"potentialAction\":[{\"@type\":\"ReadAction\",\"target\":[\"https:\\\/\\\/stagroup.hu\\\/en\\\/privacy-policy\\\/\"]}]},{\"@type\":\"BreadcrumbList\",\"@id\":\"https:\\\/\\\/stagroup.hu\\\/en\\\/privacy-policy\\\/#breadcrumb\",\"itemListElement\":[{\"@type\":\"ListItem\",\"position\":1,\"name\":\"Kezd\u0151lap\",\"item\":\"https:\\\/\\\/stagroup.hu\\\/en\\\/home\\\/\"},{\"@type\":\"ListItem\",\"position\":2,\"name\":\"Privacy Policy\"}]},{\"@type\":\"WebSite\",\"@id\":\"https:\\\/\\\/stagroup.hu\\\/#website\",\"url\":\"https:\\\/\\\/stagroup.hu\\\/\",\"name\":\"STA GROUP\",\"description\":\"\",\"publisher\":{\"@id\":\"https:\\\/\\\/stagroup.hu\\\/#organization\"},\"potentialAction\":[{\"@type\":\"SearchAction\",\"target\":{\"@type\":\"EntryPoint\",\"urlTemplate\":\"https:\\\/\\\/stagroup.hu\\\/?s={search_term_string}\"},\"query-input\":{\"@type\":\"PropertyValueSpecification\",\"valueRequired\":true,\"valueName\":\"search_term_string\"}}],\"inLanguage\":\"en-US\"},{\"@type\":\"Organization\",\"@id\":\"https:\\\/\\\/stagroup.hu\\\/#organization\",\"name\":\"STA GROUP\",\"url\":\"https:\\\/\\\/stagroup.hu\\\/\",\"logo\":{\"@type\":\"ImageObject\",\"inLanguage\":\"en-US\",\"@id\":\"https:\\\/\\\/stagroup.hu\\\/#\\\/schema\\\/logo\\\/image\\\/\",\"url\":\"https:\\\/\\\/stagroup.hu\\\/wp-content\\\/uploads\\\/2025\\\/06\\\/logo-stagroup.svg\",\"contentUrl\":\"https:\\\/\\\/stagroup.hu\\\/wp-content\\\/uploads\\\/2025\\\/06\\\/logo-stagroup.svg\",\"width\":396,\"height\":106,\"caption\":\"STA GROUP\"},\"image\":{\"@id\":\"https:\\\/\\\/stagroup.hu\\\/#\\\/schema\\\/logo\\\/image\\\/\"},\"sameAs\":[\"https:\\\/\\\/www.facebook.com\\\/stavarroda\"]}]}<\/script>\n<!-- \/ Yoast SEO plugin. -->","yoast_head_json":{"title":"Privacy Policy - STA GROUP","robots":{"index":"index","follow":"follow","max-snippet":"max-snippet:-1","max-image-preview":"max-image-preview:large","max-video-preview":"max-video-preview:-1"},"canonical":"https:\/\/stagroup.hu\/en\/privacy-policy\/","og_locale":"en_US","og_type":"article","og_title":"Privacy Policy - STA GROUP","og_description":"Privacy Policy Effective: June 7, 2025 STA-SZERV\u00cdZ Kft. (registered office: 4064 Nagyhegyes, Bart\u00f3k B\u00e9la utca 35; company registration number: 09 09 027009; tax number: 25298141-2-09; hereinafter: Data Controller) pays particular attention to ensuring that the processing of personal data provided by visitors to its website and generated during the use of the website complies with [&hellip;]","og_url":"https:\/\/stagroup.hu\/en\/privacy-policy\/","og_site_name":"STA GROUP","article_publisher":"https:\/\/www.facebook.com\/stavarroda","article_modified_time":"2025-06-07T05:55:01+00:00","twitter_card":"summary_large_image","twitter_misc":{"Est. reading time":"3 minutes"},"schema":{"@context":"https:\/\/schema.org","@graph":[{"@type":"WebPage","@id":"https:\/\/stagroup.hu\/en\/privacy-policy\/","url":"https:\/\/stagroup.hu\/en\/privacy-policy\/","name":"Privacy Policy - STA GROUP","isPartOf":{"@id":"https:\/\/stagroup.hu\/#website"},"datePublished":"2025-06-07T05:22:54+00:00","dateModified":"2025-06-07T05:55:01+00:00","breadcrumb":{"@id":"https:\/\/stagroup.hu\/en\/privacy-policy\/#breadcrumb"},"inLanguage":"en-US","potentialAction":[{"@type":"ReadAction","target":["https:\/\/stagroup.hu\/en\/privacy-policy\/"]}]},{"@type":"BreadcrumbList","@id":"https:\/\/stagroup.hu\/en\/privacy-policy\/#breadcrumb","itemListElement":[{"@type":"ListItem","position":1,"name":"Kezd\u0151lap","item":"https:\/\/stagroup.hu\/en\/home\/"},{"@type":"ListItem","position":2,"name":"Privacy Policy"}]},{"@type":"WebSite","@id":"https:\/\/stagroup.hu\/#website","url":"https:\/\/stagroup.hu\/","name":"STA GROUP","description":"","publisher":{"@id":"https:\/\/stagroup.hu\/#organization"},"potentialAction":[{"@type":"SearchAction","target":{"@type":"EntryPoint","urlTemplate":"https:\/\/stagroup.hu\/?s={search_term_string}"},"query-input":{"@type":"PropertyValueSpecification","valueRequired":true,"valueName":"search_term_string"}}],"inLanguage":"en-US"},{"@type":"Organization","@id":"https:\/\/stagroup.hu\/#organization","name":"STA GROUP","url":"https:\/\/stagroup.hu\/","logo":{"@type":"ImageObject","inLanguage":"en-US","@id":"https:\/\/stagroup.hu\/#\/schema\/logo\/image\/","url":"https:\/\/stagroup.hu\/wp-content\/uploads\/2025\/06\/logo-stagroup.svg","contentUrl":"https:\/\/stagroup.hu\/wp-content\/uploads\/2025\/06\/logo-stagroup.svg","width":396,"height":106,"caption":"STA GROUP"},"image":{"@id":"https:\/\/stagroup.hu\/#\/schema\/logo\/image\/"},"sameAs":["https:\/\/www.facebook.com\/stavarroda"]}]}},"_links":{"self":[{"href":"https:\/\/stagroup.hu\/en\/wp-json\/wp\/v2\/pages\/966","targetHints":{"allow":["GET"]}}],"collection":[{"href":"https:\/\/stagroup.hu\/en\/wp-json\/wp\/v2\/pages"}],"about":[{"href":"https:\/\/stagroup.hu\/en\/wp-json\/wp\/v2\/types\/page"}],"author":[{"embeddable":true,"href":"https:\/\/stagroup.hu\/en\/wp-json\/wp\/v2\/users\/3"}],"replies":[{"embeddable":true,"href":"https:\/\/stagroup.hu\/en\/wp-json\/wp\/v2\/comments?post=966"}],"version-history":[{"count":0,"href":"https:\/\/stagroup.hu\/en\/wp-json\/wp\/v2\/pages\/966\/revisions"}],"wp:attachment":[{"href":"https:\/\/stagroup.hu\/en\/wp-json\/wp\/v2\/media?parent=966"}],"curies":[{"name":"wp","href":"https:\/\/api.w.org\/{rel}","templated":true}]}}